{"id":1349,"date":"2025-12-26T04:07:38","date_gmt":"2025-12-26T01:07:38","guid":{"rendered":"https:\/\/www.tolgaask.com.tr\/?page_id=1349"},"modified":"2025-12-26T04:10:50","modified_gmt":"2025-12-26T01:10:50","slug":"vizlab-ogrenci-portali","status":"publish","type":"page","link":"https:\/\/www.tolgaask.com.tr\/en\/vizlab-ogrenci-portali\/","title":{"rendered":"VizLab \u00d6\u011frenci Portal\u0131"},"content":{"rendered":"","protected":true},"excerpt":{"rendered":"","protected":true},"author":1,"featured_media":0,"parent":0,"menu_order":0,"comment_status":"closed","ping_status":"closed","template":"elementor_header_footer","meta":{"footnotes":""},"class_list":["post-1349","page","type-page","status-publish","post-password-required","hentry"],"yoast_head":"<!-- This site is optimized with the Yoast SEO plugin v27.1.1 - https:\/\/yoast.com\/product\/yoast-seo-wordpress\/ -->\n<title>VizLab \u00d6\u011frenci Portal\u0131 - \u0130\u00e7 Mimar Tolga A\u015fk<\/title>\n<meta name=\"robots\" content=\"index, follow, max-snippet:-1, max-image-preview:large, max-video-preview:-1\" \/>\n<link rel=\"canonical\" href=\"https:\/\/www.tolgaask.com.tr\/en\/vizlab-ogrenci-portali\/\" \/>\n<meta property=\"og:locale\" content=\"en_US\" \/>\n<meta property=\"og:type\" content=\"article\" \/>\n<meta property=\"og:title\" content=\"VizLab \u00d6\u011frenci Portal\u0131 - \u0130\u00e7 Mimar Tolga A\u015fk\" \/>\n<meta property=\"og:description\" content=\"There is no excerpt because this is a protected post.\" \/>\n<meta property=\"og:url\" content=\"https:\/\/www.tolgaask.com.tr\/en\/vizlab-ogrenci-portali\/\" \/>\n<meta property=\"og:site_name\" content=\"\u0130\u00e7 Mimar Tolga A\u015fk\" \/>\n<meta property=\"article:modified_time\" content=\"2025-12-26T01:10:50+00:00\" \/>\n<meta name=\"twitter:card\" content=\"summary_large_image\" \/>\n<meta name=\"twitter:label1\" content=\"Est. reading time\" \/>\n\t<meta name=\"twitter:data1\" content=\"1 minute\" \/>\n<script type=\"application\/ld+json\" class=\"yoast-schema-graph\">{\"@context\":\"https:\/\/schema.org\",\"@graph\":[{\"@type\":\"WebPage\",\"@id\":\"https:\/\/www.tolgaask.com.tr\/vizlab-ogrenci-portali\/\",\"url\":\"https:\/\/www.tolgaask.com.tr\/vizlab-ogrenci-portali\/\",\"name\":\"VizLab \u00d6\u011frenci Portal\u0131 - \u0130\u00e7 Mimar Tolga A\u015fk\",\"isPartOf\":{\"@id\":\"https:\/\/www.tolgaask.com.tr\/#website\"},\"datePublished\":\"2025-12-26T01:07:38+00:00\",\"dateModified\":\"2025-12-26T01:10:50+00:00\",\"breadcrumb\":{\"@id\":\"https:\/\/www.tolgaask.com.tr\/vizlab-ogrenci-portali\/#breadcrumb\"},\"inLanguage\":\"en-US\"},{\"@type\":\"WebSite\",\"@id\":\"https:\/\/www.tolgaask.com.tr\/#website\",\"url\":\"https:\/\/www.tolgaask.com.tr\/\",\"name\":\"\u0130\u00e7 Mimar Tolga A\u015fk\",\"description\":\"Tolga A\u015fk \u0130\u00e7 Mimarl\u0131k Resmi \u0130nternet Sitesi\",\"publisher\":{\"@id\":\"https:\/\/www.tolgaask.com.tr\/#organization\"},\"potentialAction\":[{\"@type\":\"SearchAction\",\"target\":{\"@type\":\"EntryPoint\",\"urlTemplate\":\"https:\/\/www.tolgaask.com.tr\/?s={search_term_string}\"},\"query-input\":{\"@type\":\"PropertyValueSpecification\",\"valueRequired\":true,\"valueName\":\"search_term_string\"}}],\"inLanguage\":\"en-US\"},{\"@type\":\"Organization\",\"@id\":\"https:\/\/www.tolgaask.com.tr\/#organization\",\"name\":\"\u0130\u00e7 Mimar Tolga A\u015fk\",\"url\":\"https:\/\/www.tolgaask.com.tr\/\",\"logo\":{\"@type\":\"ImageObject\",\"inLanguage\":\"en-US\",\"@id\":\"https:\/\/www.tolgaask.com.tr\/#\/schema\/logo\/image\/\",\"url\":\"https:\/\/www.tolgaask.com.tr\/wp-content\/uploads\/2024\/11\/Untitled-4.png\",\"contentUrl\":\"https:\/\/www.tolgaask.com.tr\/wp-content\/uploads\/2024\/11\/Untitled-4.png\",\"width\":511,\"height\":100,\"caption\":\"\u0130\u00e7 Mimar Tolga A\u015fk\"},\"image\":{\"@id\":\"https:\/\/www.tolgaask.com.tr\/#\/schema\/logo\/image\/\"},\"sameAs\":[\"https:\/\/linkedin.com\/in\/tolga-a\u015fk-11674a75\/\",\"https:\/\/behance.net\/tolgaask\",\"https:\/\/www.instagram.com\/icmimartolgaask\/\"]}]}<\/script>\n<!-- \/ Yoast SEO plugin. -->","yoast_head_json":{"title":"VizLab \u00d6\u011frenci Portal\u0131 - \u0130\u00e7 Mimar Tolga A\u015fk","robots":{"index":"index","follow":"follow","max-snippet":"max-snippet:-1","max-image-preview":"max-image-preview:large","max-video-preview":"max-video-preview:-1"},"canonical":"https:\/\/www.tolgaask.com.tr\/en\/vizlab-ogrenci-portali\/","og_locale":"en_US","og_type":"article","og_title":"VizLab \u00d6\u011frenci Portal\u0131 - \u0130\u00e7 Mimar Tolga A\u015fk","og_description":"There is no excerpt because this is a protected post.","og_url":"https:\/\/www.tolgaask.com.tr\/en\/vizlab-ogrenci-portali\/","og_site_name":"\u0130\u00e7 Mimar Tolga A\u015fk","article_modified_time":"2025-12-26T01:10:50+00:00","twitter_card":"summary_large_image","twitter_misc":{"Est. reading time":"1 minute"},"schema":{"@context":"https:\/\/schema.org","@graph":[{"@type":"WebPage","@id":"https:\/\/www.tolgaask.com.tr\/vizlab-ogrenci-portali\/","url":"https:\/\/www.tolgaask.com.tr\/vizlab-ogrenci-portali\/","name":"VizLab \u00d6\u011frenci Portal\u0131 - \u0130\u00e7 Mimar Tolga A\u015fk","isPartOf":{"@id":"https:\/\/www.tolgaask.com.tr\/#website"},"datePublished":"2025-12-26T01:07:38+00:00","dateModified":"2025-12-26T01:10:50+00:00","breadcrumb":{"@id":"https:\/\/www.tolgaask.com.tr\/vizlab-ogrenci-portali\/#breadcrumb"},"inLanguage":"en-US"},{"@type":"WebSite","@id":"https:\/\/www.tolgaask.com.tr\/#website","url":"https:\/\/www.tolgaask.com.tr\/","name":"Interior Architect Tolga A\u015fk","description":"Tolga A\u015fk \u0130\u00e7 Mimarl\u0131k Resmi \u0130nternet Sitesi","publisher":{"@id":"https:\/\/www.tolgaask.com.tr\/#organization"},"potentialAction":[{"@type":"SearchAction","target":{"@type":"EntryPoint","urlTemplate":"https:\/\/www.tolgaask.com.tr\/?s={search_term_string}"},"query-input":{"@type":"PropertyValueSpecification","valueRequired":true,"valueName":"search_term_string"}}],"inLanguage":"en-US"},{"@type":"Organization","@id":"https:\/\/www.tolgaask.com.tr\/#organization","name":"Interior Architect Tolga A\u015fk","url":"https:\/\/www.tolgaask.com.tr\/","logo":{"@type":"ImageObject","inLanguage":"en-US","@id":"https:\/\/www.tolgaask.com.tr\/#\/schema\/logo\/image\/","url":"https:\/\/www.tolgaask.com.tr\/wp-content\/uploads\/2024\/11\/Untitled-4.png","contentUrl":"https:\/\/www.tolgaask.com.tr\/wp-content\/uploads\/2024\/11\/Untitled-4.png","width":511,"height":100,"caption":"\u0130\u00e7 Mimar Tolga A\u015fk"},"image":{"@id":"https:\/\/www.tolgaask.com.tr\/#\/schema\/logo\/image\/"},"sameAs":["https:\/\/linkedin.com\/in\/tolga-a\u015fk-11674a75\/","https:\/\/behance.net\/tolgaask","https:\/\/www.instagram.com\/icmimartolgaask\/"]}]}},"_links":{"self":[{"href":"https:\/\/www.tolgaask.com.tr\/en\/wp-json\/wp\/v2\/pages\/1349","targetHints":{"allow":["GET"]}}],"collection":[{"href":"https:\/\/www.tolgaask.com.tr\/en\/wp-json\/wp\/v2\/pages"}],"about":[{"href":"https:\/\/www.tolgaask.com.tr\/en\/wp-json\/wp\/v2\/types\/page"}],"author":[{"embeddable":true,"href":"https:\/\/www.tolgaask.com.tr\/en\/wp-json\/wp\/v2\/users\/1"}],"replies":[{"embeddable":true,"href":"https:\/\/www.tolgaask.com.tr\/en\/wp-json\/wp\/v2\/comments?post=1349"}],"version-history":[{"count":8,"href":"https:\/\/www.tolgaask.com.tr\/en\/wp-json\/wp\/v2\/pages\/1349\/revisions"}],"predecessor-version":[{"id":1365,"href":"https:\/\/www.tolgaask.com.tr\/en\/wp-json\/wp\/v2\/pages\/1349\/revisions\/1365"}],"wp:attachment":[{"href":"https:\/\/www.tolgaask.com.tr\/en\/wp-json\/wp\/v2\/media?parent=1349"}],"curies":[{"name":"wp","href":"https:\/\/api.w.org\/{rel}","templated":true}]}}